{"id":988054,"date":"2026-02-18T18:08:41","date_gmt":"2026-02-18T18:08:41","guid":{"rendered":"https:\/\/esperanzamexico.com\/?page_id=988054"},"modified":"2026-02-18T18:08:42","modified_gmt":"2026-02-18T18:08:42","slug":"radio-esperanza-mexico","status":"publish","type":"page","link":"https:\/\/esperanzamexico.com\/","title":{"rendered":"Radio Esperanza M\u00e9xico"},"content":{"rendered":"\n<!DOCTYPE html>\n<html lang=\"es\">\n<head>\n  <meta charset=\"UTF-8\">\n  <title>Redireccionando&#8230;<\/title>\n  <meta http-equiv=\"refresh\" content=\"0; url=https:\/\/radio.esperanzamexico.com\">\n  <script>\n    window.location.href = \"https:\/\/radio.esperanzamexico.com\";\n  <\/script>\n<\/head>\n<body>\n  <p>Si no eres redirigido autom\u00e1ticamente, haz clic aqu\u00ed: \n    <a href=\"https:\/\/radio.esperanzamexico.com\">Ir a Radio Esperanza M\u00e9xico<\/a>\n  <\/p>\n<\/body>\n<\/html>\n\n\n\n<p><\/p>\n","protected":false},"excerpt":{"rendered":"<p>Redireccionando&#8230; Si no eres redirigido autom\u00e1ticamente, haz clic aqu\u00ed: Ir a Radio Esperanza M\u00e9xico<\/p>\n","protected":false},"author":1,"featured_media":0,"parent":0,"menu_order":0,"comment_status":"closed","ping_status":"closed","template":"","meta":{"_acf_changed":false,"footnotes":""},"class_list":["post-988054","page","type-page","status-publish","hentry"],"acf":[],"_links":{"self":[{"href":"https:\/\/esperanzamexico.com\/index.php\/wp-json\/wp\/v2\/pages\/988054","targetHints":{"allow":["GET"]}}],"collection":[{"href":"https:\/\/esperanzamexico.com\/index.php\/wp-json\/wp\/v2\/pages"}],"about":[{"href":"https:\/\/esperanzamexico.com\/index.php\/wp-json\/wp\/v2\/types\/page"}],"author":[{"embeddable":true,"href":"https:\/\/esperanzamexico.com\/index.php\/wp-json\/wp\/v2\/users\/1"}],"replies":[{"embeddable":true,"href":"https:\/\/esperanzamexico.com\/index.php\/wp-json\/wp\/v2\/comments?post=988054"}],"version-history":[{"count":1,"href":"https:\/\/esperanzamexico.com\/index.php\/wp-json\/wp\/v2\/pages\/988054\/revisions"}],"predecessor-version":[{"id":988055,"href":"https:\/\/esperanzamexico.com\/index.php\/wp-json\/wp\/v2\/pages\/988054\/revisions\/988055"}],"wp:attachment":[{"href":"https:\/\/esperanzamexico.com\/index.php\/wp-json\/wp\/v2\/media?parent=988054"}],"curies":[{"name":"wp","href":"https:\/\/api.w.org\/{rel}","templated":true}]}}