{"id":34652,"date":"2020-12-19T10:50:40","date_gmt":"2020-12-19T10:50:40","guid":{"rendered":"https:\/\/caridad.vamtam.com\/?page_id=34652"},"modified":"2025-01-24T18:49:41","modified_gmt":"2025-01-24T18:49:41","slug":"contacto","status":"publish","type":"page","link":"https:\/\/esperanzamexico.com\/index.php\/contacto\/","title":{"rendered":"Contacto"},"content":{"rendered":"\t\t<div data-elementor-type=\"wp-page\" data-elementor-id=\"34652\" class=\"elementor elementor-34652\" data-elementor-post-type=\"page\">\n\t\t\t\t<div class=\"elementor-element elementor-element-a9f9b64 e-flex e-con-boxed e-con e-parent\" data-id=\"a9f9b64\" data-element_type=\"container\">\n\t\t\t\t\t<div class=\"e-con-inner\">\n\t\t<div class=\"elementor-element elementor-element-42357a6 e-con-full e-flex e-con e-child\" data-id=\"42357a6\" data-element_type=\"container\">\n\t\t\t\t<div class=\"elementor-element elementor-element-e04ea89 elementor-widget elementor-widget-heading\" data-id=\"e04ea89\" data-element_type=\"widget\" data-widget_type=\"heading.default\">\n\t\t\t\t<div class=\"elementor-widget-container\">\n\t\t\t\t\t<h2 class=\"elementor-heading-title elementor-size-default\">Contacto<\/h2>\t\t\t\t<\/div>\n\t\t\t\t<\/div>\n\t\t<div class=\"elementor-element elementor-element-ed36d27 e-con-full e-flex e-con e-child\" data-id=\"ed36d27\" data-element_type=\"container\">\n\t\t<div class=\"elementor-element elementor-element-07690b1 e-con-full e-flex e-con e-child\" data-id=\"07690b1\" data-element_type=\"container\">\n\t\t\t\t<div class=\"elementor-element elementor-element-7ad04f1 elementor-widget elementor-widget-heading\" data-id=\"7ad04f1\" data-element_type=\"widget\" data-widget_type=\"heading.default\">\n\t\t\t\t<div class=\"elementor-widget-container\">\n\t\t\t\t\t<h4 class=\"elementor-heading-title elementor-size-default\">Email<\/h4>\t\t\t\t<\/div>\n\t\t\t\t<\/div>\n\t\t\t\t<div class=\"elementor-element elementor-element-00259ba elementor-widget elementor-widget-text-editor\" data-id=\"00259ba\" data-element_type=\"widget\" data-widget_type=\"text-editor.default\">\n\t\t\t\t<div class=\"elementor-widget-container\">\n\t\t\t\t\t\t\t\t\t<p>contacto@esperanzamexico.com<\/p>\t\t\t\t\t\t\t\t<\/div>\n\t\t\t\t<\/div>\n\t\t\t\t<\/div>\n\t\t<div class=\"elementor-element elementor-element-765fee8 e-con-full e-flex e-con e-child\" data-id=\"765fee8\" data-element_type=\"container\">\n\t\t\t\t<div class=\"elementor-element elementor-element-7dac2f9 elementor-widget elementor-widget-heading\" data-id=\"7dac2f9\" data-element_type=\"widget\" data-widget_type=\"heading.default\">\n\t\t\t\t<div class=\"elementor-widget-container\">\n\t\t\t\t\t<h4 class=\"elementor-heading-title elementor-size-default\">Telefono:<\/h4>\t\t\t\t<\/div>\n\t\t\t\t<\/div>\n\t\t\t\t<div class=\"elementor-element elementor-element-bb3ffdc elementor-widget elementor-widget-text-editor\" data-id=\"bb3ffdc\" data-element_type=\"widget\" data-widget_type=\"text-editor.default\">\n\t\t\t\t<div class=\"elementor-widget-container\">\n\t\t\t\t\t\t\t\t\t<p><a href=\"tel:+528262634625\" data-dtype=\"d3ph\" data-local-attribute=\"d3ph\" data-ved=\"2ahUKEwjkkeb-_o6LAxUdIEQIHZYvLtgQkAgoAHoECCoQAw\"><span aria-label=\"Llamar al n\u00famero de tel\u00e9fono 826 263 4625\">826 263 4625<\/span><\/a><\/p>\t\t\t\t\t\t\t\t<\/div>\n\t\t\t\t<\/div>\n\t\t\t\t<\/div>\n\t\t<div class=\"elementor-element elementor-element-193bff7 e-con-full e-flex e-con e-child\" data-id=\"193bff7\" data-element_type=\"container\">\n\t\t\t\t<div class=\"elementor-element elementor-element-12d4767 elementor-widget elementor-widget-heading\" data-id=\"12d4767\" data-element_type=\"widget\" data-widget_type=\"heading.default\">\n\t\t\t\t<div class=\"elementor-widget-container\">\n\t\t\t\t\t<h4 class=\"elementor-heading-title elementor-size-default\">direcci\u00f3n<\/h4>\t\t\t\t<\/div>\n\t\t\t\t<\/div>\n\t\t\t\t<div class=\"elementor-element elementor-element-d1e1a9a elementor-widget elementor-widget-text-editor\" data-id=\"d1e1a9a\" data-element_type=\"widget\" data-widget_type=\"text-editor.default\">\n\t\t\t\t<div class=\"elementor-widget-container\">\n\t\t\t\t\t\t\t\t\t<p>Carr. Nacional Km. 205, El Desag\u00fce, 67500 Montemorelos, N.L.<\/p>\t\t\t\t\t\t\t\t<\/div>\n\t\t\t\t<\/div>\n\t\t\t\t<\/div>\n\t\t\t\t<div class=\"elementor-element elementor-element-11d5cd7 elementor-widget elementor-widget-google_maps\" data-id=\"11d5cd7\" data-element_type=\"widget\" data-widget_type=\"google_maps.default\">\n\t\t\t\t<div class=\"elementor-widget-container\">\n\t\t\t\t\t\t\t<div class=\"elementor-custom-embed\">\n\t\t\t<iframe loading=\"lazy\"\n\t\t\t\t\tsrc=\"https:\/\/maps.google.com\/maps?q=union%20mexicana%20del%20norte&#038;t=m&#038;z=17&#038;output=embed&#038;iwloc=near\"\n\t\t\t\t\ttitle=\"union mexicana del norte\"\n\t\t\t\t\taria-label=\"union mexicana del norte\"\n\t\t\t><\/iframe>\n\t\t<\/div>\n\t\t\t\t\t\t<\/div>\n\t\t\t\t<\/div>\n\t\t\t\t<\/div>\n\t\t\t\t<\/div>\n\t\t<div class=\"elementor-element elementor-element-8f67e5e e-con-full e-flex e-con e-child\" data-id=\"8f67e5e\" data-element_type=\"container\" data-settings=\"{&quot;background_background&quot;:&quot;classic&quot;}\">\n\t\t\t\t<div class=\"elementor-element elementor-element-d151d62 fluentform-widget-submit-button-custom elementor-widget elementor-widget-fluent-form-widget\" data-id=\"d151d62\" data-element_type=\"widget\" data-widget_type=\"fluent-form-widget.default\">\n\t\t\t\t<div class=\"elementor-widget-container\">\n\t\t\t\t\t\n            <div class=\"fluentform-widget-wrapper fluentform-widget-align-default\">\n\n            \n            <div class='fluentform ff-default fluentform_wrapper_1 ffs_default_wrap'><form data-form_id=\"1\" id=\"fluentform_1\" class=\"frm-fluent-form fluent_form_1 ff-el-form-top ff_form_instance_1_1 ff-form-loading ffs_default\" data-form_instance=\"ff_form_instance_1_1\" method=\"POST\" ><fieldset  style=\"border: none!important;margin: 0!important;padding: 0!important;background-color: transparent!important;box-shadow: none!important;outline: none!important; min-inline-size: 100%;\">\n                    <legend class=\"ff_screen_reader_title\" style=\"display: block; margin: 0!important;padding: 0!important;height: 0!important;text-indent: -999999px;width: 0!important;overflow:hidden;\">Peticiones de oracion<\/legend><input type='hidden' name='__fluent_form_embded_post_id' value='34652' \/><input type=\"hidden\" id=\"_fluentform_1_fluentformnonce\" name=\"_fluentform_1_fluentformnonce\" value=\"e31c7610b5\" \/><input type=\"hidden\" name=\"_wp_http_referer\" value=\"\/index.php\/wp-json\/wp\/v2\/pages\/34652\" \/><div data-type=\"name-element\" data-name=\"names\" class=\" ff-field_container ff-name-field-wrapper\" ><div class='ff-t-container'><div class='ff-t-cell '><div class='ff-el-group'><div class=\"ff-el-input--label asterisk-right\"><label for='ff_1_names_first_name_' >Nombre<\/label><\/div><div class='ff-el-input--content'><input type=\"text\" name=\"names[first_name]\" id=\"ff_1_names_first_name_\" class=\"ff-el-form-control\" placeholder=\"Nombre\" aria-invalid=\"false\" aria-required=false><\/div><\/div><\/div><div class='ff-t-cell '><div class='ff-el-group'><div class=\"ff-el-input--label asterisk-right\"><label for='ff_1_names_last_name_' >Apellido<\/label><\/div><div class='ff-el-input--content'><input type=\"text\" name=\"names[last_name]\" id=\"ff_1_names_last_name_\" class=\"ff-el-form-control\" placeholder=\"Apellido\" aria-invalid=\"false\" aria-required=false><\/div><\/div><\/div><\/div><\/div><div class='ff-el-group'><div class=\"ff-el-input--label ff-el-is-required asterisk-right\"><label for='ff_1_email' aria-label=\"Email\">Email<\/label><\/div><div class='ff-el-input--content'><input type=\"email\" name=\"email\" id=\"ff_1_email\" class=\"ff-el-form-control\" placeholder=\"Correo electr\u00f3nico\" data-name=\"email\"  aria-invalid=\"false\" aria-required=true><\/div><\/div><div class='ff-el-group'><div class=\"ff-el-input--label ff-el-is-required asterisk-right\"><label for='ff_1_message' aria-label=\"Petici\u00f3n\">Petici\u00f3n<\/label><\/div><div class='ff-el-input--content'><textarea aria-invalid=\"false\" aria-required=true name=\"message\" id=\"ff_1_message\" class=\"ff-el-form-control\" placeholder=\"Escribe tu petici\u00f3n de oraci\u00f3n\" rows=\"4\" cols=\"2\" data-name=\"message\" ><\/textarea><\/div><\/div><div class='ff-el-group ' ><div class='ff-el-input--content'><div data-fluent_id='1' name='g-recaptcha-response'><div\n\t\tdata-sitekey='6Lfol-cqAAAAACL4fd3wjmJHAy2Jup4aDo7G6J5O'\n\t\tid='fluentform-recaptcha-1-1'\n\t\tclass='ff-el-recaptcha g-recaptcha'\n\t\tdata-callback='fluentFormrecaptchaSuccessCallback'><\/div><\/div><\/div><\/div><div class='ff-el-group ff-text-left ff_submit_btn_wrapper'><button type=\"submit\" class=\"ff-btn ff-btn-submit ff-btn-md ff_btn_style\" >Enviar<\/button><\/div><\/fieldset><\/form><div id='fluentform_1_errors' class='ff-errors-in-stack ff_form_instance_1_1 ff-form-loading_errors ff_form_instance_1_1_errors'><\/div><\/div>        <script type=\"text\/javascript\">\n            window.fluent_form_ff_form_instance_1_1 = {\"id\":\"1\",\"settings\":{\"layout\":{\"labelPlacement\":\"top\",\"helpMessagePlacement\":\"with_label\",\"errorMessagePlacement\":\"inline\",\"cssClassName\":\"\",\"asteriskPlacement\":\"asterisk-right\"},\"restrictions\":{\"denyEmptySubmission\":{\"enabled\":false}}},\"form_instance\":\"ff_form_instance_1_1\",\"form_id_selector\":\"fluentform_1\",\"rules\":{\"names[first_name]\":{\"required\":{\"value\":false,\"message\":\"This field is required\",\"global\":false,\"global_message\":\"This field is required\"}},\"names[middle_name]\":{\"required\":{\"value\":false,\"message\":\"This field is required\",\"global\":false,\"global_message\":\"This field is required\"}},\"names[last_name]\":{\"required\":{\"value\":false,\"message\":\"This field is required\",\"global\":false,\"global_message\":\"This field is required\"}},\"email\":{\"required\":{\"value\":true,\"message\":\"This field is required\",\"global\":false,\"global_message\":\"This field is required\"},\"email\":{\"value\":true,\"message\":\"This field must contain a valid email\",\"global\":false,\"global_message\":\"This field must contain a valid email\"}},\"message\":{\"required\":{\"value\":true,\"message\":\"This field is required\",\"global\":false,\"global_message\":\"This field is required\"}},\"g-recaptcha-response\":[]},\"debounce_time\":300};\n                    <\/script>\n                    <\/div>\n\n            \t\t\t\t<\/div>\n\t\t\t\t<\/div>\n\t\t\t\t<\/div>\n\t\t\t\t\t<\/div>\n\t\t\t\t<\/div>\n\t\t<div class=\"elementor-element elementor-element-0b163c5 e-flex e-con-boxed e-con e-parent\" data-id=\"0b163c5\" data-element_type=\"container\">\n\t\t\t\t\t<div class=\"e-con-inner\">\n\t\t<div class=\"elementor-element elementor-element-53806c1 e-con-full e-flex e-con e-child\" data-id=\"53806c1\" data-element_type=\"container\">\n\t\t\t\t<div class=\"elementor-element elementor-element-b1fea04 elementor-widget elementor-widget-image\" data-id=\"b1fea04\" data-element_type=\"widget\" data-widget_type=\"image.default\">\n\t\t\t\t<div class=\"elementor-widget-container\">\n\t\t\t\t\t\t\t\t\t\t\t\t\t\t\t<img fetchpriority=\"high\" decoding=\"async\" width=\"800\" height=\"533\" src=\"https:\/\/esperanzamexico.com\/wp-content\/uploads\/2025\/01\/young-prayer-sitting-outdoor-reading-bible-worship-god-garden-nature-background-2-1024x682.jpg\" class=\"attachment-large size-large wp-image-987726\" alt=\"\" srcset=\"https:\/\/esperanzamexico.com\/wp-content\/uploads\/2025\/01\/young-prayer-sitting-outdoor-reading-bible-worship-god-garden-nature-background-2-1024x682.jpg 1024w, https:\/\/esperanzamexico.com\/wp-content\/uploads\/2025\/01\/young-prayer-sitting-outdoor-reading-bible-worship-god-garden-nature-background-2-300x200.jpg 300w, https:\/\/esperanzamexico.com\/wp-content\/uploads\/2025\/01\/young-prayer-sitting-outdoor-reading-bible-worship-god-garden-nature-background-2-768x512.jpg 768w, https:\/\/esperanzamexico.com\/wp-content\/uploads\/2025\/01\/young-prayer-sitting-outdoor-reading-bible-worship-god-garden-nature-background-2-1536x1024.jpg 1536w, https:\/\/esperanzamexico.com\/wp-content\/uploads\/2025\/01\/young-prayer-sitting-outdoor-reading-bible-worship-god-garden-nature-background-2.jpg 2000w\" sizes=\"(max-width: 800px) 100vw, 800px\" \/>\t\t\t\t\t\t\t\t\t\t\t\t\t\t\t<\/div>\n\t\t\t\t<\/div>\n\t\t\t\t<\/div>\n\t\t\t\t\t<\/div>\n\t\t\t\t<\/div>\n\t\t\t\t<\/div>\n\t\t","protected":false},"excerpt":{"rendered":"<p>Contacto Email contacto@esperanzamexico.com Telefono: 826 263 4625 direcci\u00f3n Carr. Nacional Km. 205, El Desag\u00fce, 67500 Montemorelos, N.L. Peticiones de oracion NombreApellidoEmailPetici\u00f3nEnviar<\/p>\n","protected":false},"author":1,"featured_media":0,"parent":0,"menu_order":0,"comment_status":"closed","ping_status":"closed","template":"","meta":{"_acf_changed":false,"footnotes":""},"class_list":["post-34652","page","type-page","status-publish","hentry"],"acf":[],"_links":{"self":[{"href":"https:\/\/esperanzamexico.com\/index.php\/wp-json\/wp\/v2\/pages\/34652","targetHints":{"allow":["GET"]}}],"collection":[{"href":"https:\/\/esperanzamexico.com\/index.php\/wp-json\/wp\/v2\/pages"}],"about":[{"href":"https:\/\/esperanzamexico.com\/index.php\/wp-json\/wp\/v2\/types\/page"}],"author":[{"embeddable":true,"href":"https:\/\/esperanzamexico.com\/index.php\/wp-json\/wp\/v2\/users\/1"}],"replies":[{"embeddable":true,"href":"https:\/\/esperanzamexico.com\/index.php\/wp-json\/wp\/v2\/comments?post=34652"}],"version-history":[{"count":9,"href":"https:\/\/esperanzamexico.com\/index.php\/wp-json\/wp\/v2\/pages\/34652\/revisions"}],"predecessor-version":[{"id":987758,"href":"https:\/\/esperanzamexico.com\/index.php\/wp-json\/wp\/v2\/pages\/34652\/revisions\/987758"}],"wp:attachment":[{"href":"https:\/\/esperanzamexico.com\/index.php\/wp-json\/wp\/v2\/media?parent=34652"}],"curies":[{"name":"wp","href":"https:\/\/api.w.org\/{rel}","templated":true}]}}