{"id":34648,"date":"2020-12-19T10:49:52","date_gmt":"2020-12-19T10:49:52","guid":{"rendered":"https:\/\/caridad.vamtam.com\/?page_id=34648"},"modified":"2025-01-27T14:54:50","modified_gmt":"2025-01-27T14:54:50","slug":"terms-of-site","status":"publish","type":"page","link":"https:\/\/esperanzamexico.com\/index.php\/terms-of-site\/","title":{"rendered":"Terms of site"},"content":{"rendered":"\t\t<div data-elementor-type=\"wp-page\" data-elementor-id=\"34648\" class=\"elementor elementor-34648\" data-elementor-post-type=\"page\">\n\t\t\t\t<div class=\"elementor-element elementor-element-7baacb1 e-flex e-con-boxed e-con e-parent\" data-id=\"7baacb1\" data-element_type=\"container\">\n\t\t\t\t\t<div class=\"e-con-inner\">\n\t\t<div class=\"elementor-element elementor-element-c204a13 e-con-full e-flex e-con e-child\" data-id=\"c204a13\" data-element_type=\"container\">\n\t\t\t\t<div class=\"elementor-element elementor-element-bf73626 elementor-widget elementor-widget-heading\" data-id=\"bf73626\" data-element_type=\"widget\" data-widget_type=\"heading.default\">\n\t\t\t\t<div class=\"elementor-widget-container\">\n\t\t\t\t\t<h2 class=\"elementor-heading-title elementor-size-default\">T\u00e9rminos y condiciones<\/h2>\t\t\t\t<\/div>\n\t\t\t\t<\/div>\n\t\t\t\t<div class=\"elementor-element elementor-element-4c2bd6a elementor-widget elementor-widget-heading\" data-id=\"4c2bd6a\" data-element_type=\"widget\" data-widget_type=\"heading.default\">\n\t\t\t\t<div class=\"elementor-widget-container\">\n\t\t\t\t\t<h4 class=\"elementor-heading-title elementor-size-default\">Lea atentamente esta declaraci\u00f3n para comprender c\u00f3mo Esperanza M\u00e9xico recopila, utiliza y almacena sus datos personales.<\/h4>\t\t\t\t<\/div>\n\t\t\t\t<\/div>\n\t\t\t\t<div class=\"elementor-element elementor-element-34f29c3 elementor-widget elementor-widget-text-editor\" data-id=\"34f29c3\" data-element_type=\"widget\" data-widget_type=\"text-editor.default\">\n\t\t\t\t<div class=\"elementor-widget-container\">\n\t\t\t\t\t\t\t\t\t<p>Bienvenido a <strong>esperanzamexico.com<\/strong>. Al utilizar nuestro sitio web, aceptas los siguientes t\u00e9rminos y condiciones. Te pedimos que los leas detenidamente antes de interactuar con nosotros.<\/p><h3><strong>Informaci\u00f3n que recopilamos<\/strong><\/h3><p>Cuando interact\u00faas con nosotros, podemos recopilar:<\/p><ul><li>Tu nombre.<\/li><li>Direcci\u00f3n de correo electr\u00f3nico.<\/li><li>N\u00famero de tel\u00e9fono (opcional).<\/li><li>Contenido de tus peticiones de oraci\u00f3n.<\/li><\/ul><p>Adem\u00e1s, utilizamos <strong>Google Analytics<\/strong> para recopilar informaci\u00f3n sobre el uso del sitio, como las p\u00e1ginas visitadas, el tiempo de permanencia en el sitio y otros datos an\u00f3nimos relacionados con la navegaci\u00f3n.<\/p><h3><strong>Uso de la informaci\u00f3n<\/strong><\/h3><ul><li>La informaci\u00f3n que proporciones en el formulario de peticiones de oraci\u00f3n ser\u00e1 utilizada \u00fanicamente para orar por tus necesidades.<\/li><li>Los datos recopilados mediante Google Analytics se emplean para mejorar la experiencia de usuario y optimizar nuestro contenido.<\/li><li>El contenido descargable que ofrecemos est\u00e1 dise\u00f1ado para tu crecimiento espiritual y puede incluir materiales como gu\u00edas, reflexiones y recursos relacionados con nuestra misi\u00f3n.<\/li><\/ul><h3><strong>Confidencialidad<\/strong><\/h3><ul><li>Nos comprometemos a proteger tu informaci\u00f3n personal y no compartiremos tus datos con terceros sin tu consentimiento previo.<\/li><li>Sin embargo, no somos responsables de la privacidad de los datos recopilados por sitios web externos vinculados desde nuestro sitio.<\/li><\/ul><h3><strong>Contenido descargable<\/strong><\/h3><p>El contenido disponible para descarga es de uso personal y no comercial. Est\u00e1 protegido por derechos de autor y no puede ser distribuido, modificado o vendido sin autorizaci\u00f3n previa.<\/p><h3><strong>Modificaciones a los t\u00e9rminos<\/strong><\/h3><p>Nos reservamos el derecho de actualizar estos t\u00e9rminos y condiciones en cualquier momento. Te recomendamos revisarlos peri\u00f3dicamente para estar al tanto de cualquier cambio.<\/p><h3><strong>Contacto<\/strong><\/h3><p>Si tienes preguntas, inquietudes o necesitas asistencia, puedes escribirnos a <strong><a rel=\"noopener\">contacto@esperanzamexico.com<\/a><\/strong>.<\/p><p>Gracias por confiar en <strong>esperanzamexico.com<\/strong>. Estamos aqu\u00ed para apoyarte en tu camino espiritual.<\/p>\t\t\t\t\t\t\t\t<\/div>\n\t\t\t\t<\/div>\n\t\t\t\t<\/div>\n\t\t\t\t\t<\/div>\n\t\t\t\t<\/div>\n\t\t\t\t<\/div>\n\t\t","protected":false},"excerpt":{"rendered":"<p>T\u00e9rminos y condiciones Lea atentamente esta declaraci\u00f3n para comprender c\u00f3mo Esperanza M\u00e9xico recopila, utiliza y almacena sus datos personales. Bienvenido a esperanzamexico.com. Al utilizar nuestro sitio web, aceptas los siguientes t\u00e9rminos y condiciones. Te pedimos que los leas detenidamente antes de interactuar con nosotros. Informaci\u00f3n que recopilamos Cuando interact\u00faas con nosotros, podemos recopilar: Tu nombre. [&hellip;]<\/p>\n","protected":false},"author":1,"featured_media":0,"parent":0,"menu_order":0,"comment_status":"closed","ping_status":"closed","template":"","meta":{"_acf_changed":false,"footnotes":""},"class_list":["post-34648","page","type-page","status-publish","hentry"],"acf":[],"_links":{"self":[{"href":"https:\/\/esperanzamexico.com\/index.php\/wp-json\/wp\/v2\/pages\/34648","targetHints":{"allow":["GET"]}}],"collection":[{"href":"https:\/\/esperanzamexico.com\/index.php\/wp-json\/wp\/v2\/pages"}],"about":[{"href":"https:\/\/esperanzamexico.com\/index.php\/wp-json\/wp\/v2\/types\/page"}],"author":[{"embeddable":true,"href":"https:\/\/esperanzamexico.com\/index.php\/wp-json\/wp\/v2\/users\/1"}],"replies":[{"embeddable":true,"href":"https:\/\/esperanzamexico.com\/index.php\/wp-json\/wp\/v2\/comments?post=34648"}],"version-history":[{"count":3,"href":"https:\/\/esperanzamexico.com\/index.php\/wp-json\/wp\/v2\/pages\/34648\/revisions"}],"predecessor-version":[{"id":987785,"href":"https:\/\/esperanzamexico.com\/index.php\/wp-json\/wp\/v2\/pages\/34648\/revisions\/987785"}],"wp:attachment":[{"href":"https:\/\/esperanzamexico.com\/index.php\/wp-json\/wp\/v2\/media?parent=34648"}],"curies":[{"name":"wp","href":"https:\/\/api.w.org\/{rel}","templated":true}]}}